{"id":15,"date":"2018-02-04T16:50:13","date_gmt":"2018-02-04T15:50:13","guid":{"rendered":"http:\/\/leukefeld.net\/WordPress_01\/?page_id=15"},"modified":"2018-02-04T16:49:25","modified_gmt":"2018-02-04T15:49:25","slug":"kurzbiographie","status":"publish","type":"page","link":"https:\/\/leukefeld.net\/?page_id=15","title":{"rendered":"Kurzbiographie"},"content":{"rendered":"<p><a title=\"Personal data\" href=\"http:\/\/leukefeld.net\/?page_id=40\"><img loading=\"lazy\" decoding=\"async\" class=\"alignright size-full wp-image-38\" src=\"http:\/\/leukefeld.net\/wp-content\/uploads\/2014\/09\/en-20.png\" alt=\"en-20\" width=\"40\" height=\"20\" \/><\/a>Karin Leukefeld, Jahrgang 1954, Studien der Ethnologie, Islam- und Politikwissenschaften, Ausbildung zur Buchh\u00e4ndlerin. Organisations- und \u00d6ffentlichkeitsarbeit u.a. beim Bundesverband B\u00fcrgerinitiativen Umweltschutz (BBU), Die Gr\u00fcnen (Bundespartei), Informationsstelle El Salvador. Pers\u00f6nliche Mitarbeiterin eines Bundestagsabgeordneten der PDS (Au\u00dfenpolitik und Humanit\u00e4re Hilfe). Seit 2000 freie Korrespondentin im Mittleren Osten.<\/p>\n<p>Medien (Auswahl):<\/p>\n<ul>\n<li><a href=\"http:\/\/www.neues-deutschland.de\/\" target=\"_blank\" rel=\"noopener\">Neues Deutschland<\/a> (Berlin)<\/li>\n<li><a href=\"http:\/\/www.jungewelt.de\/\" target=\"_blank\" rel=\"noopener\">Junge Welt<\/a> (Berlin)<\/li>\n<li><a href=\"http:\/\/www.kna.de\/\" target=\"_blank\" rel=\"noopener\">Katholische Nachrichtenagentur<\/a> (Bonn)<\/li>\n<li><a href=\"http:\/\/www.ard.de\/radio\/\" target=\"_blank\" rel=\"noopener\">ARD-H\u00f6rfunk<\/a><\/li>\n<li><a href=\"http:\/\/www.drs.ch\/\" target=\"_blank\" rel=\"noopener\">Schweizer Rundfunk<\/a><\/li>\n<li><a href=\"http:\/\/www.drs.ch\/\" target=\"_blank\" rel=\"noopener\">Weltnetz TV<\/a><\/li>\n<\/ul>\n<p>Publikationen:<\/p>\n<ul>\n<li>Solange noch ein Weg ist \u2013 Die Kurden zwischen Verfolgung und Widerstand (1996, Verlag Die Werkstatt)<\/li>\n<li>Bomben auf Bagdad, (2003, Kai Homilius Verlag, Mitautorin, hrsg. von R\u00fcdiger G\u00f6bel)<\/li>\n<li>Nimm Abschied und werde stark, Helma Al Saadi, Ein Leben zwischen Hamburg und Bagdad (2004, Aufbau Verlag Berlin).<\/li>\n<li>Fl\u00e4chenbrand, Syrien, Irak, die Arabische Welt und der Islamische Staat (2015, 3. \u00fcberarbeitete Auflage 2017, PapyRossa Verlag K\u00f6ln)<\/li>\n<li>Syrien zwischen Schatten und Licht &#8211; Geschichte und Geschichten von 1916-2016. Menschen erz\u00e4hlen von ihrem zerrissenen Land (2016, Rotpunkt Verlag Z\u00fcrich)<\/li>\n<\/ul>\n","protected":false},"excerpt":{"rendered":"<p>Karin Leukefeld, Jahrgang 1954, Studien der Ethnologie, Islam- und Politikwissenschaften, Ausbildung zur Buchh\u00e4ndlerin. Organisations- und \u00d6ffentlichkeitsarbeit u.a. beim Bundesverband B\u00fcrgerinitiativen Umweltschutz (BBU), Die Gr\u00fcnen (Bundespartei), Informationsstelle El Salvador. Pers\u00f6nliche Mitarbeiterin eines Bundestagsabgeordneten der PDS (Au\u00dfenpolitik und Humanit\u00e4re Hilfe). Seit 2000 &hellip; <a href=\"https:\/\/leukefeld.net\/?page_id=15\">Weiterlesen <span class=\"meta-nav\">&rarr;<\/span><\/a><\/p>\n","protected":false},"author":2,"featured_media":0,"parent":0,"menu_order":0,"comment_status":"closed","ping_status":"closed","template":"","meta":{"footnotes":""},"class_list":["post-15","page","type-page","status-publish","hentry"],"_links":{"self":[{"href":"https:\/\/leukefeld.net\/index.php?rest_route=\/wp\/v2\/pages\/15","targetHints":{"allow":["GET"]}}],"collection":[{"href":"https:\/\/leukefeld.net\/index.php?rest_route=\/wp\/v2\/pages"}],"about":[{"href":"https:\/\/leukefeld.net\/index.php?rest_route=\/wp\/v2\/types\/page"}],"author":[{"embeddable":true,"href":"https:\/\/leukefeld.net\/index.php?rest_route=\/wp\/v2\/users\/2"}],"replies":[{"embeddable":true,"href":"https:\/\/leukefeld.net\/index.php?rest_route=%2Fwp%2Fv2%2Fcomments&post=15"}],"version-history":[{"count":15,"href":"https:\/\/leukefeld.net\/index.php?rest_route=\/wp\/v2\/pages\/15\/revisions"}],"predecessor-version":[{"id":417,"href":"https:\/\/leukefeld.net\/index.php?rest_route=\/wp\/v2\/pages\/15\/revisions\/417"}],"wp:attachment":[{"href":"https:\/\/leukefeld.net\/index.php?rest_route=%2Fwp%2Fv2%2Fmedia&parent=15"}],"curies":[{"name":"wp","href":"https:\/\/api.w.org\/{rel}","templated":true}]}}